{"id":932,"date":"2014-01-12T14:04:07","date_gmt":"2014-01-12T14:04:07","guid":{"rendered":"http:\/\/themes.activetofocus.com\/mx\/demo\/?page_id=932"},"modified":"2020-06-22T17:35:50","modified_gmt":"2020-06-22T15:35:50","slug":"o-nas","status":"publish","type":"page","link":"https:\/\/iwmar.eu\/index.php\/o-nas\/","title":{"rendered":"O nas"},"content":{"rendered":"[vc_row][vc_column][vc_column_text]<div  class=\"row\"><\/div>[\/vc_column_text][\/vc_column][\/vc_row][vc_row][vc_column width=&#8221;1\/2&#8243;][vc_column_text]\n<p style=\"line-height: 1cm; text-align: justify;\">Firma <strong>IWMAR<\/strong> to od ponad dekady indywidualne doradztwo, \u015bcis\u0142y kontakt z klientem oraz rozwi\u0105zywanie problem\u00f3w zwi\u0105zanych z szeroko poj\u0119tym szlifowaniem i uszlachetnianiem powierzchni.<br \/>\nJeste\u015bmy partnerem w Polsce i Europie \u015brodkowo-wschodniej dw\u00f3ch znacz\u0105cych producent\u00f3w materia\u0142\u00f3w \u015bciernych. W\u0142oskiego <strong>Nastroflexa<\/strong> i niemieckiego <strong>Awuko<\/strong>.<br \/>\nNasza produkcja umo\u017cliwia wykonywanie pe\u0142nego asortymentu dla wielu ga\u0142\u0119zi przemys\u0142u.<br \/>\nTa\u015bmy \u015bcierne u\u017cywane w ka\u017cdej automatycznej, p\u00f3\u0142automatycznej i r\u0119cznej maszynie wykonane s\u0105 przez nas wedle standardowych jak r\u00f3wnie\u017c indywidualnych wymiar\u00f3w.<br \/>\nSzeroko\u015b\u0107 robocza ta\u015bm do 2050mm i tylko jedno \u0142\u0105czenie daj\u0105 nam wyj\u0105tkow\u0105 przewag\u0119 nad konkurencj\u0105.<br \/>\nBez wzgl\u0119du na rodzai pow\u0142oki utwardzonej gor\u0105cym powietrzem lakierowanej przeznaczonej do szlifowania \u2013 poliester, akryl, poliuretan, utwardzonych gor\u0105cym powietrzem, UV lub technologi\u0105 hot melt, mamy rozwi\u0105zanie aby powierzchnia by\u0142a idealnie g\u0142adka i je\u015bli tego potrzebujesz wypolerowana.<br \/>\nPark maszynowy jaki posiadamy wraz z do\u015bwiadczeniem s\u0105 gwarancj\u0105 Twojego zadowolenia.<br \/>\nCzekamy na Twoje wyzwania!<\/p>\n[\/vc_column_text][\/vc_column][vc_column width=&#8221;1\/2&#8243;][vc_separator color=&#8221;white&#8221;][vc_separator color=&#8221;white&#8221;][vc_separator color=&#8221;white&#8221;][vc_single_image image=&#8221;1827&#8243; img_size=&#8221;900&#215;500&#8243; alignment=&#8221;center&#8221; style=&#8221;vc_box_shadow&#8221;][\/vc_column][\/vc_row]\n","protected":false},"excerpt":{"rendered":"<p>[vc_row][vc_column][vc_column_text][\/vc_column_text][\/vc_column][\/vc_row][vc_row][vc_column width=&#8221;1\/2&#8243;][vc_column_text] Firma IWMAR to od ponad dekady indywidualne doradztwo, \u015bcis\u0142y kontakt z klientem oraz rozwi\u0105zywanie problem\u00f3w zwi\u0105zanych z szeroko poj\u0119tym szlifowaniem i uszlachetnianiem powierzchni. Jeste\u015bmy partnerem w Polsce i Europie \u015brodkowo-wschodniej dw\u00f3ch znacz\u0105cych producent\u00f3w materia\u0142\u00f3w \u015bciernych. W\u0142oskiego Nastroflexa i niemieckiego Awuko. Nasza produkcja umo\u017cliwia wykonywanie pe\u0142nego asortymentu dla wielu ga\u0142\u0119zi przemys\u0142u. Ta\u015bmy \u015bcierne u\u017cywane [&hellip;]<\/p>\n","protected":false},"author":2,"featured_media":0,"parent":0,"menu_order":0,"comment_status":"closed","ping_status":"closed","template":"","meta":{"_uag_custom_page_level_css":"","footnotes":""},"class_list":["post-932","page","type-page","status-publish","hentry"],"uagb_featured_image_src":{"full":false,"thumbnail":false,"medium":false,"medium_large":false,"large":false,"1536x1536":false,"2048x2048":false,"post-thumbnail":false,"mx-l-thumbs":false,"mx-m-thumbs":false,"mx-s-thumbs":false,"mx-square-thumbs":false,"mx-nocrop-thumbs":false,"menu-24x24":false,"menu-36x36":false,"menu-48x48":false},"uagb_author_info":{"display_name":"Filip Lendzion","author_link":"https:\/\/iwmar.eu\/index.php\/author\/filip\/"},"uagb_comment_info":0,"uagb_excerpt":"[vc_row][vc_column][vc_column_text][\/vc_column_text][\/vc_column][\/vc_row][vc_row][vc_column width=&#8221;1\/2&#8243;][vc_column_text] Firma IWMAR to od ponad dekady indywidualne doradztwo, \u015bcis\u0142y kontakt z klientem oraz rozwi\u0105zywanie problem\u00f3w zwi\u0105zanych z szeroko poj\u0119tym szlifowaniem i uszlachetnianiem powierzchni. Jeste\u015bmy partnerem w Polsce i Europie \u015brodkowo-wschodniej dw\u00f3ch znacz\u0105cych producent\u00f3w materia\u0142\u00f3w \u015bciernych. W\u0142oskiego Nastroflexa i niemieckiego Awuko. Nasza produkcja umo\u017cliwia wykonywanie pe\u0142nego asortymentu dla wielu ga\u0142\u0119zi przemys\u0142u. Ta\u015bmy \u015bcierne u\u017cywane&hellip;","_links":{"self":[{"href":"https:\/\/iwmar.eu\/index.php\/wp-json\/wp\/v2\/pages\/932","targetHints":{"allow":["GET"]}}],"collection":[{"href":"https:\/\/iwmar.eu\/index.php\/wp-json\/wp\/v2\/pages"}],"about":[{"href":"https:\/\/iwmar.eu\/index.php\/wp-json\/wp\/v2\/types\/page"}],"author":[{"embeddable":true,"href":"https:\/\/iwmar.eu\/index.php\/wp-json\/wp\/v2\/users\/2"}],"replies":[{"embeddable":true,"href":"https:\/\/iwmar.eu\/index.php\/wp-json\/wp\/v2\/comments?post=932"}],"version-history":[{"count":30,"href":"https:\/\/iwmar.eu\/index.php\/wp-json\/wp\/v2\/pages\/932\/revisions"}],"predecessor-version":[{"id":2804,"href":"https:\/\/iwmar.eu\/index.php\/wp-json\/wp\/v2\/pages\/932\/revisions\/2804"}],"wp:attachment":[{"href":"https:\/\/iwmar.eu\/index.php\/wp-json\/wp\/v2\/media?parent=932"}],"curies":[{"name":"wp","href":"https:\/\/api.w.org\/{rel}","templated":true}]}}