{"id":2767,"date":"2020-06-09T20:48:43","date_gmt":"2020-06-09T18:48:43","guid":{"rendered":"http:\/\/iwmar.eu\/?page_id=2767"},"modified":"2020-06-22T17:39:03","modified_gmt":"2020-06-22T15:39:03","slug":"produkty","status":"publish","type":"page","link":"https:\/\/iwmar.eu\/index.php\/produkty\/","title":{"rendered":"Produkty"},"content":{"rendered":"[vc_row][vc_column][vc_empty_space height=&#8221;50px&#8221;][vc_column_text]<div class=\"mx-page-title row  center line-center\"><div class=\"mx-pagetitle-line\" ><\/div><div class=\"mx-page-title-container show-bg \" ><h3 class=\"uppercase bold \" style=\"\">Nasi partnerzy<\/h3><\/div><\/div>[\/vc_column_text][\/vc_column][\/vc_row][vc_row][vc_column][vc_empty_space height=&#8221;50px&#8221;][\/vc_column][\/vc_row][vc_row][vc_column width=&#8221;1\/2&#8243;][vc_single_image image=&#8221;2310&#8243; img_size=&#8221;large&#8221; alignment=&#8221;center&#8221;][\/vc_column][vc_column width=&#8221;1\/2&#8243;][vc_single_image image=&#8221;2309&#8243; img_size=&#8221;medium&#8221; alignment=&#8221;center&#8221;][\/vc_column][vc_column][vc_empty_space height=&#8221;50px&#8221;][\/vc_column][\/vc_row][vc_row][vc_column width=&#8221;1\/2&#8243;][vc_column_text]\n<p style=\"text-align: justify;\">Grupa<strong><span style=\"font-size: 14pt;\"> Nastroflex<\/span><\/strong> zajmuje wiod\u0105c\u0105 pozycj\u0119 w produkcji powlekanych materia\u0142\u00f3w \u015bciernych do szlifowania. Zajmuj\u0105c si\u0119 uszlachetnieniem powierzchni w wielu dziedzinach przemys\u0142owych. Nastroflex zosta\u0142 za\u0142o\u017cony w 1970 roku i od tego czasu firma kocentruje si\u0119 na produkcji i konfekcji materia\u0142\u00f3w \u015bciernych. Od 2003 roku firma pos\u0142uguje si\u0119 znakiem towarowym \u201ekrokodyla\u201d. Marka o ponad 100-letniej tradycji.<\/p>\n[\/vc_column_text][\/vc_column][vc_column width=&#8221;1\/2&#8243;][vc_column_text]\n<p style=\"text-align: justify;\">Logo firmy <span style=\"font-size: 14pt;\"><strong>AWUKO<\/strong><\/span> znane jest od wielu lat i kojarzy si\u0119 z wysok\u0105 jako\u015bci\u0105 materia\u0142\u00f3w \u015bciernych, kt\u00f3re gwarantuj\u0105 najlepsze efekty w r\u00f3\u017cnych obszarach zastosowa\u0144. Je\u015bli stawiacie Pa\u0144stwo powierzchniom szlifowanym wysokie wymagania jako\u015bciowe, Awuko jest dla Was w\u0142a\u015bciwym partnerem. We wszystkich bran\u017cach przemys\u0142u przebieg procesu szlifowania jest jednym z najwa\u017cniejszych czynnik\u00f3w gwarantuj\u0105cych najwy\u017csz\u0105 jako\u015b\u0107 wyrob\u00f3w.<\/p>\n[\/vc_column_text][\/vc_column][\/vc_row][vc_row][vc_column][vc_separator color=&#8221;white&#8221;][vc_separator color=&#8221;white&#8221;][vc_row_inner content_placement=&#8221;middle&#8221;][vc_column_inner][vc_column_text]\n<h2 style=\"text-align: center;\">Tutaj znajdziesz informacj\u0119 o naszych produktach<\/h2>\n[\/vc_column_text][\/vc_column_inner][\/vc_row_inner][vc_row_inner content_placement=&#8221;middle&#8221;][vc_column_inner width=&#8221;1\/2&#8243;][vc_single_image image=&#8221;2478&#8243; img_size=&#8221;full&#8221; alignment=&#8221;center&#8221;][\/vc_column_inner][vc_column_inner el_class=&#8221;div { align-content: center; }&#8221; width=&#8221;1\/2&#8243;][vc_single_image image=&#8221;2470&#8243; img_size=&#8221;733&#215;245&#8243; alignment=&#8221;center&#8221; onclick=&#8221;custom_link&#8221; link=&#8221;http:\/\/iwmar.eu\/index.php\/katalog-awuko\/&#8221;][\/vc_column_inner][\/vc_row_inner][vc_separator color=&#8221;white&#8221;][\/vc_column][\/vc_row][vc_row][vc_column width=&#8221;1\/4&#8243;][vc_single_image image=&#8221;2643&#8243; alignment=&#8221;center&#8221; onclick=&#8221;custom_link&#8221; link=&#8221;http:\/\/iwmar.eu\/index.php\/nastroflexpl\/&#8221;][\/vc_column][vc_column width=&#8221;1\/4&#8243;][vc_single_image image=&#8221;2642&#8243; alignment=&#8221;center&#8221; onclick=&#8221;custom_link&#8221; link=&#8221;http:\/\/iwmar.eu\/index.php\/katalog-nastroflex\/&#8221;][\/vc_column][vc_column width=&#8221;1\/4&#8243;][\/vc_column][vc_column width=&#8221;1\/4&#8243;][\/vc_column][\/vc_row][vc_row][vc_column][\/vc_column][\/vc_row]\n","protected":false},"excerpt":{"rendered":"<p>[vc_row][vc_column][vc_empty_space height=&#8221;50px&#8221;][vc_column_text][\/vc_column_text][\/vc_column][\/vc_row][vc_row][vc_column][vc_empty_space height=&#8221;50px&#8221;][\/vc_column][\/vc_row][vc_row][vc_column width=&#8221;1\/2&#8243;][vc_single_image image=&#8221;2310&#8243; img_size=&#8221;large&#8221; alignment=&#8221;center&#8221;][\/vc_column][vc_column width=&#8221;1\/2&#8243;][vc_single_image image=&#8221;2309&#8243; img_size=&#8221;medium&#8221; alignment=&#8221;center&#8221;][\/vc_column][vc_column][vc_empty_space height=&#8221;50px&#8221;][\/vc_column][\/vc_row][vc_row][vc_column width=&#8221;1\/2&#8243;][vc_column_text] Grupa Nastroflex zajmuje wiod\u0105c\u0105 pozycj\u0119 w produkcji powlekanych materia\u0142\u00f3w \u015bciernych do szlifowania. Zajmuj\u0105c si\u0119 uszlachetnieniem powierzchni w wielu dziedzinach przemys\u0142owych. Nastroflex zosta\u0142 za\u0142o\u017cony w 1970 roku i od tego czasu firma kocentruje si\u0119 na produkcji i konfekcji materia\u0142\u00f3w \u015bciernych. Od 2003 roku [&hellip;]<\/p>\n","protected":false},"author":2,"featured_media":0,"parent":0,"menu_order":0,"comment_status":"closed","ping_status":"closed","template":"","meta":{"_uag_custom_page_level_css":"","footnotes":""},"class_list":["post-2767","page","type-page","status-publish","hentry"],"uagb_featured_image_src":{"full":false,"thumbnail":false,"medium":false,"medium_large":false,"large":false,"1536x1536":false,"2048x2048":false,"post-thumbnail":false,"mx-l-thumbs":false,"mx-m-thumbs":false,"mx-s-thumbs":false,"mx-square-thumbs":false,"mx-nocrop-thumbs":false,"menu-24x24":false,"menu-36x36":false,"menu-48x48":false},"uagb_author_info":{"display_name":"Filip Lendzion","author_link":"https:\/\/iwmar.eu\/index.php\/author\/filip\/"},"uagb_comment_info":0,"uagb_excerpt":"[vc_row][vc_column][vc_empty_space height=&#8221;50px&#8221;][vc_column_text][\/vc_column_text][\/vc_column][\/vc_row][vc_row][vc_column][vc_empty_space height=&#8221;50px&#8221;][\/vc_column][\/vc_row][vc_row][vc_column width=&#8221;1\/2&#8243;][vc_single_image image=&#8221;2310&#8243; img_size=&#8221;large&#8221; alignment=&#8221;center&#8221;][\/vc_column][vc_column width=&#8221;1\/2&#8243;][vc_single_image image=&#8221;2309&#8243; img_size=&#8221;medium&#8221; alignment=&#8221;center&#8221;][\/vc_column][vc_column][vc_empty_space height=&#8221;50px&#8221;][\/vc_column][\/vc_row][vc_row][vc_column width=&#8221;1\/2&#8243;][vc_column_text] Grupa Nastroflex zajmuje wiod\u0105c\u0105 pozycj\u0119 w produkcji powlekanych materia\u0142\u00f3w \u015bciernych do szlifowania. Zajmuj\u0105c si\u0119 uszlachetnieniem powierzchni w wielu dziedzinach przemys\u0142owych. Nastroflex zosta\u0142 za\u0142o\u017cony w 1970 roku i od tego czasu firma kocentruje si\u0119 na produkcji i konfekcji materia\u0142\u00f3w \u015bciernych. Od 2003 roku&hellip;","_links":{"self":[{"href":"https:\/\/iwmar.eu\/index.php\/wp-json\/wp\/v2\/pages\/2767","targetHints":{"allow":["GET"]}}],"collection":[{"href":"https:\/\/iwmar.eu\/index.php\/wp-json\/wp\/v2\/pages"}],"about":[{"href":"https:\/\/iwmar.eu\/index.php\/wp-json\/wp\/v2\/types\/page"}],"author":[{"embeddable":true,"href":"https:\/\/iwmar.eu\/index.php\/wp-json\/wp\/v2\/users\/2"}],"replies":[{"embeddable":true,"href":"https:\/\/iwmar.eu\/index.php\/wp-json\/wp\/v2\/comments?post=2767"}],"version-history":[{"count":7,"href":"https:\/\/iwmar.eu\/index.php\/wp-json\/wp\/v2\/pages\/2767\/revisions"}],"predecessor-version":[{"id":2805,"href":"https:\/\/iwmar.eu\/index.php\/wp-json\/wp\/v2\/pages\/2767\/revisions\/2805"}],"wp:attachment":[{"href":"https:\/\/iwmar.eu\/index.php\/wp-json\/wp\/v2\/media?parent=2767"}],"curies":[{"name":"wp","href":"https:\/\/api.w.org\/{rel}","templated":true}]}}