{"id":2693,"date":"2020-06-04T20:10:13","date_gmt":"2020-06-04T18:10:13","guid":{"rendered":"http:\/\/iwmar.eu\/?page_id=2693"},"modified":"2020-06-04T20:10:13","modified_gmt":"2020-06-04T18:10:13","slug":"mdf-hdf-chip-board","status":"publish","type":"page","link":"https:\/\/iwmar.eu\/index.php\/mdf-hdf-chip-board\/","title":{"rendered":"Iwmar &#8211; Materia\u0142y \u015bcierne &#8211; Zastosowanie &#8211; MDF &#8211; HDF &#8211; P\u0141YTA WI\u00d3ROWA"},"content":{"rendered":"[vc_row][vc_column][vc_column_text]<div  class=\"row\"><\/div>[\/vc_column_text][\/vc_column][\/vc_row][vc_row][vc_column width=&#8221;1\/2&#8243;][vc_column_text]Nastroflex NaxoMaxR<br \/>\nNastroflex NaxoStatR<br \/>\nNastroflex F248A<br \/>\nNastroflex Y408<br \/>\nNastroflex J408<br \/>\nAwuko KU22SY<br \/>\nAwuko SU22SY[\/vc_column_text][\/vc_column][vc_column width=&#8221;1\/2&#8243;][vc_single_image image=&#8221;2675&#8243; img_size=&#8221;900&#215;500&#8243; alignment=&#8221;center&#8221; style=&#8221;vc_box_shadow&#8221;][\/vc_column][\/vc_row]\n","protected":false},"excerpt":{"rendered":"<p>[vc_row][vc_column][vc_column_text][\/vc_column_text][\/vc_column][\/vc_row][vc_row][vc_column width=&#8221;1\/2&#8243;][vc_column_text]Nastroflex NaxoMaxR Nastroflex NaxoStatR Nastroflex F248A Nastroflex Y408 Nastroflex J408 Awuko KU22SY Awuko SU22SY[\/vc_column_text][\/vc_column][vc_column width=&#8221;1\/2&#8243;][vc_single_image image=&#8221;2675&#8243; img_size=&#8221;900&#215;500&#8243; alignment=&#8221;center&#8221; style=&#8221;vc_box_shadow&#8221;][\/vc_column][\/vc_row]<\/p>\n","protected":false},"author":2,"featured_media":0,"parent":0,"menu_order":0,"comment_status":"closed","ping_status":"closed","template":"","meta":{"_uag_custom_page_level_css":"","footnotes":""},"class_list":["post-2693","page","type-page","status-publish","hentry"],"uagb_featured_image_src":{"full":false,"thumbnail":false,"medium":false,"medium_large":false,"large":false,"1536x1536":false,"2048x2048":false,"post-thumbnail":false,"mx-l-thumbs":false,"mx-m-thumbs":false,"mx-s-thumbs":false,"mx-square-thumbs":false,"mx-nocrop-thumbs":false,"menu-24x24":false,"menu-36x36":false,"menu-48x48":false},"uagb_author_info":{"display_name":"Filip Lendzion","author_link":"https:\/\/iwmar.eu\/index.php\/author\/filip\/"},"uagb_comment_info":0,"uagb_excerpt":"[vc_row][vc_column][vc_column_text][\/vc_column_text][\/vc_column][\/vc_row][vc_row][vc_column width=&#8221;1\/2&#8243;][vc_column_text]Nastroflex NaxoMaxR Nastroflex NaxoStatR Nastroflex F248A Nastroflex Y408 Nastroflex J408 Awuko KU22SY Awuko SU22SY[\/vc_column_text][\/vc_column][vc_column width=&#8221;1\/2&#8243;][vc_single_image image=&#8221;2675&#8243; img_size=&#8221;900&#215;500&#8243; alignment=&#8221;center&#8221; style=&#8221;vc_box_shadow&#8221;][\/vc_column][\/vc_row]","_links":{"self":[{"href":"https:\/\/iwmar.eu\/index.php\/wp-json\/wp\/v2\/pages\/2693","targetHints":{"allow":["GET"]}}],"collection":[{"href":"https:\/\/iwmar.eu\/index.php\/wp-json\/wp\/v2\/pages"}],"about":[{"href":"https:\/\/iwmar.eu\/index.php\/wp-json\/wp\/v2\/types\/page"}],"author":[{"embeddable":true,"href":"https:\/\/iwmar.eu\/index.php\/wp-json\/wp\/v2\/users\/2"}],"replies":[{"embeddable":true,"href":"https:\/\/iwmar.eu\/index.php\/wp-json\/wp\/v2\/comments?post=2693"}],"version-history":[{"count":1,"href":"https:\/\/iwmar.eu\/index.php\/wp-json\/wp\/v2\/pages\/2693\/revisions"}],"predecessor-version":[{"id":2694,"href":"https:\/\/iwmar.eu\/index.php\/wp-json\/wp\/v2\/pages\/2693\/revisions\/2694"}],"wp:attachment":[{"href":"https:\/\/iwmar.eu\/index.php\/wp-json\/wp\/v2\/media?parent=2693"}],"curies":[{"name":"wp","href":"https:\/\/api.w.org\/{rel}","templated":true}]}}