{"id":2670,"date":"2020-06-04T19:39:39","date_gmt":"2020-06-04T17:39:39","guid":{"rendered":"http:\/\/iwmar.eu\/?page_id=2670"},"modified":"2020-06-04T20:15:22","modified_gmt":"2020-06-04T18:15:22","slug":"zastosowanie-drewno","status":"publish","type":"page","link":"https:\/\/iwmar.eu\/index.php\/zastosowanie-drewno\/","title":{"rendered":"Iwmar &#8211; Materia\u0142y \u015acierne &#8211; Zastosowanie w drewnie"},"content":{"rendered":"[vc_row][vc_column][vc_column_text]<div class=\"mx-page-title row  center line-center\"><div class=\"mx-pagetitle-line\" ><\/div><div class=\"mx-page-title-container show-bg \" ><h3 class=\"uppercase bold \" style=\"\">ZASTOSOWANIE<\/h3><\/div><\/div>[\/vc_column_text][\/vc_column][\/vc_row][vc_row gap=&#8221;5&#8243;][vc_column width=&#8221;1\/3&#8243;][mvc_flip_box image_id=&#8221;2657&#8243; alt=&#8221;Drewno Li\u015bciaste&#8221; title=&#8221;Drewno Li\u015bciaste (Hardwood)&#8221; caption_url=&#8221;&#8221;]\n<h3 style=\"text-align: center;\">Drewno Li\u015bciaste (Hardwood)<\/h3>\n<p style=\"text-align: center;\"><a href=\"http:\/\/iwmar.eu\/index.php\/drewno-lisciaste\/\">Zobacz wi\u0119cej<\/a><\/p>\n<p>\u00a0[\/mvc_flip_box][vc_empty_space height=&#8221;86px&#8221;][\/vc_column][vc_column width=&#8221;1\/3&#8243;][mvc_flip_box image_id=&#8221;2673&#8243; alt=&#8221;Drewno Iglaste&#8221; title=&#8221;Drewno Iglaste&#8221; caption_url=&#8221;&#8221;]\n<h3 style=\"text-align: center;\">Drewno Iglaste<\/h3>\n<p style=\"text-align: center;\"><a href=\"http:\/\/iwmar.eu\/index.php\/drewno-iglaste\/\">Zobacz wi\u0119cej<\/a><\/p>\n<p>\u00a0[\/mvc_flip_box][vc_empty_space height=&#8221;86px&#8221;][\/vc_column][vc_column width=&#8221;1\/3&#8243;][mvc_flip_box image_id=&#8221;2675&#8243; alt=&#8221;MDF &#8211; HDF &#8211; P\u0142yta Wi\u00f3rwa&#8221; title=&#8221;MDF &#8211; HDF &#8211; P\u0142yta Wi\u00f3rwa&#8221; caption_url=&#8221;&#8221;]\n<h3 style=\"text-align: center;\">MDF &#8211; HDF &#8211; P\u0142yta Wi\u00f3rwa (Chip Board)<\/h3>\n<p style=\"text-align: center;\"><a href=\"http:\/\/iwmar.eu\/index.php\/mdf-hdf-chip-board\/\">Zobacz wi\u0119cej<\/a><\/p>\n<p>\u00a0[\/mvc_flip_box][vc_empty_space height=&#8221;86px&#8221;][\/vc_column][\/vc_row][vc_row gap=&#8221;5&#8243;][vc_column width=&#8221;1\/3&#8243;][mvc_flip_box image_id=&#8221;2677&#8243; alt=&#8221;sklejka plywood\/OSB board&#8221; title=&#8221;Sklejka plywood\/OSB board&#8221; caption_url=&#8221;&#8221;]\n<h3 style=\"text-align: center;\">Sklejka plywood\/OSB board<\/h3>\n<p style=\"text-align: center;\"><a href=\"http:\/\/iwmar.eu\/index.php\/sklejka-osb\/\">Zobacz wi\u0119cej<\/a><\/p>\n<p>\u00a0[\/mvc_flip_box][vc_empty_space height=&#8221;86px&#8221;][\/vc_column][vc_column width=&#8221;1\/3&#8243;][mvc_flip_box image_id=&#8221;2679&#8243; alt=&#8221;Fornir&#8221; title=&#8221;Fornir&#8221; caption_url=&#8221;&#8221;]\n<h3 style=\"text-align: center;\">Fornir<\/h3>\n<p style=\"text-align: center;\"><a href=\"http:\/\/iwmar.eu\/index.php\/fornir\/\">Zobacz wi\u0119cej<\/a><\/p>\n<p>\u00a0[\/mvc_flip_box][vc_empty_space height=&#8221;86px&#8221;][\/vc_column][\/vc_row]\n","protected":false},"excerpt":{"rendered":"<p>[vc_row][vc_column][vc_column_text][\/vc_column_text][\/vc_column][\/vc_row][vc_row gap=&#8221;5&#8243;][vc_column width=&#8221;1\/3&#8243;][mvc_flip_box image_id=&#8221;2657&#8243; alt=&#8221;Drewno Li\u015bciaste&#8221; title=&#8221;Drewno Li\u015bciaste (Hardwood)&#8221; caption_url=&#8221;&#8221;] Drewno Li\u015bciaste (Hardwood) Zobacz wi\u0119cej \u00a0[\/mvc_flip_box][vc_empty_space height=&#8221;86px&#8221;][\/vc_column][vc_column width=&#8221;1\/3&#8243;][mvc_flip_box image_id=&#8221;2673&#8243; alt=&#8221;Drewno Iglaste&#8221; title=&#8221;Drewno Iglaste&#8221; caption_url=&#8221;&#8221;] Drewno Iglaste Zobacz wi\u0119cej \u00a0[\/mvc_flip_box][vc_empty_space height=&#8221;86px&#8221;][\/vc_column][vc_column width=&#8221;1\/3&#8243;][mvc_flip_box image_id=&#8221;2675&#8243; alt=&#8221;MDF &#8211; HDF &#8211; P\u0142yta Wi\u00f3rwa&#8221; title=&#8221;MDF &#8211; HDF &#8211; P\u0142yta Wi\u00f3rwa&#8221; caption_url=&#8221;&#8221;] MDF &#8211; HDF &#8211; P\u0142yta Wi\u00f3rwa (Chip Board) Zobacz wi\u0119cej [&hellip;]<\/p>\n","protected":false},"author":2,"featured_media":0,"parent":0,"menu_order":0,"comment_status":"closed","ping_status":"closed","template":"","meta":{"_uag_custom_page_level_css":"","footnotes":""},"class_list":["post-2670","page","type-page","status-publish","hentry"],"uagb_featured_image_src":{"full":false,"thumbnail":false,"medium":false,"medium_large":false,"large":false,"1536x1536":false,"2048x2048":false,"post-thumbnail":false,"mx-l-thumbs":false,"mx-m-thumbs":false,"mx-s-thumbs":false,"mx-square-thumbs":false,"mx-nocrop-thumbs":false,"menu-24x24":false,"menu-36x36":false,"menu-48x48":false},"uagb_author_info":{"display_name":"Filip Lendzion","author_link":"https:\/\/iwmar.eu\/index.php\/author\/filip\/"},"uagb_comment_info":0,"uagb_excerpt":"[vc_row][vc_column][vc_column_text][\/vc_column_text][\/vc_column][\/vc_row][vc_row gap=&#8221;5&#8243;][vc_column width=&#8221;1\/3&#8243;][mvc_flip_box image_id=&#8221;2657&#8243; alt=&#8221;Drewno Li\u015bciaste&#8221; title=&#8221;Drewno Li\u015bciaste (Hardwood)&#8221; caption_url=&#8221;&#8221;] Drewno Li\u015bciaste (Hardwood) Zobacz wi\u0119cej \u00a0[\/mvc_flip_box][vc_empty_space height=&#8221;86px&#8221;][\/vc_column][vc_column width=&#8221;1\/3&#8243;][mvc_flip_box image_id=&#8221;2673&#8243; alt=&#8221;Drewno Iglaste&#8221; title=&#8221;Drewno Iglaste&#8221; caption_url=&#8221;&#8221;] Drewno Iglaste Zobacz wi\u0119cej \u00a0[\/mvc_flip_box][vc_empty_space height=&#8221;86px&#8221;][\/vc_column][vc_column width=&#8221;1\/3&#8243;][mvc_flip_box image_id=&#8221;2675&#8243; alt=&#8221;MDF &#8211; HDF &#8211; P\u0142yta Wi\u00f3rwa&#8221; title=&#8221;MDF &#8211; HDF &#8211; P\u0142yta Wi\u00f3rwa&#8221; caption_url=&#8221;&#8221;] MDF &#8211; HDF &#8211; P\u0142yta Wi\u00f3rwa (Chip Board) Zobacz wi\u0119cej&hellip;","_links":{"self":[{"href":"https:\/\/iwmar.eu\/index.php\/wp-json\/wp\/v2\/pages\/2670","targetHints":{"allow":["GET"]}}],"collection":[{"href":"https:\/\/iwmar.eu\/index.php\/wp-json\/wp\/v2\/pages"}],"about":[{"href":"https:\/\/iwmar.eu\/index.php\/wp-json\/wp\/v2\/types\/page"}],"author":[{"embeddable":true,"href":"https:\/\/iwmar.eu\/index.php\/wp-json\/wp\/v2\/users\/2"}],"replies":[{"embeddable":true,"href":"https:\/\/iwmar.eu\/index.php\/wp-json\/wp\/v2\/comments?post=2670"}],"version-history":[{"count":10,"href":"https:\/\/iwmar.eu\/index.php\/wp-json\/wp\/v2\/pages\/2670\/revisions"}],"predecessor-version":[{"id":2699,"href":"https:\/\/iwmar.eu\/index.php\/wp-json\/wp\/v2\/pages\/2670\/revisions\/2699"}],"wp:attachment":[{"href":"https:\/\/iwmar.eu\/index.php\/wp-json\/wp\/v2\/media?parent=2670"}],"curies":[{"name":"wp","href":"https:\/\/api.w.org\/{rel}","templated":true}]}}