{"id":1077,"date":"2014-01-13T07:53:02","date_gmt":"2014-01-13T06:53:02","guid":{"rendered":"http:\/\/themes.activetofocus.com\/mx\/demo\/?page_id=1077"},"modified":"2025-07-30T11:32:08","modified_gmt":"2025-07-30T09:32:08","slug":"example-1","status":"publish","type":"page","link":"https:\/\/iwmar.eu\/","title":{"rendered":"Strona g\u0142\u00f3wna"},"content":{"rendered":"[vc_row][vc_column][vc_empty_space][\/vc_column][\/vc_row][vc_row][vc_column][vc_column_text]<div class=\"mx-page-title row  center line-center\"><div class=\"mx-pagetitle-line\" ><\/div><div class=\"mx-page-title-container show-bg \" ><h3 class=\"uppercase bold \" style=\"\">ZASTOSOWANIE<\/h3><\/div><\/div>[\/vc_column_text][\/vc_column][\/vc_row][vc_row gap=&#8221;5&#8243;][vc_column width=&#8221;1\/3&#8243;][mvc_flip_box link_st=&#8221;custom_link&#8221; image_id=&#8221;2657&#8243; alt=&#8221;Drewno&#8221; title=&#8221;Drewno (Wood)&#8221; url=&#8221;url:http%3A%2F%2Fiwmar.eu%2Findex.php%2Fzastosowanie-drewno%2F|title:Iwmar%20%E2%80%93%20Materia%C5%82y%20%C5%9Acierne%20%E2%80%93%20Zastosowanie%20w%20drewnie||&#8221;]\n<h3 style=\"text-align: center;\">Drewno (Wood)<\/h3>\n<p style=\"text-align: center;\"><a href=\"http:\/\/iwmar.eu\/index.php\/zastosowanie-drewno\/\">Zobacz wi\u0119cej<\/a><\/p>\n[\/mvc_flip_box][vc_empty_space height=&#8221;100px&#8221;][\/vc_column][vc_column width=&#8221;1\/3&#8243;][mvc_flip_box image_id=&#8221;2723&#8243; alt=&#8221;Lakier \/ Lacquer&#8221; title=&#8221;Lakier \/ Lacquer&#8221;]\n<h3 style=\"text-align: center;\">Lakier \/ Lacquer<\/h3>\n<p style=\"text-align: center;\"><a href=\"http:\/\/iwmar.eu\/index.php\/zastosowanie-lakier\/\">Zobacz wi\u0119cej<\/a><\/p>\n<p>&nbsp;<\/p>\n[\/mvc_flip_box][vc_empty_space height=&#8221;100px&#8221;][\/vc_column][vc_column width=&#8221;1\/3&#8243;][mvc_flip_box image_id=&#8221;2666&#8243; alt=&#8221;Metal\/Aluminium&#8221; title=&#8221;Metal\/Aluminium&#8221;]\n<h3 style=\"text-align: center;\">Metal\/Aluminium<\/h3>\n<p style=\"text-align: center;\"><a href=\"http:\/\/iwmar.eu\/index.php\/metal-aluminium\/\">Zobacz wi\u0119cej<\/a><\/p>\n[\/mvc_flip_box][vc_empty_space height=&#8221;100px&#8221;][\/vc_column][\/vc_row][vc_row gap=&#8221;5&#8243;][vc_column width=&#8221;1\/3&#8243;][mvc_flip_box image_id=&#8221;2725&#8243; alt=&#8221;Kompozyty \/ Composite&#8221; title=&#8221;Kompozyty \/ Composite&#8221;]\n<h3 style=\"text-align: center;\">Kompozyty \/ Composite<\/h3>\n<p style=\"text-align: center;\"><a href=\"http:\/\/iwmar.eu\/index.php\/kompozyty\/\">Zobacz wi\u0119cej<\/a><\/p>\n<p>&nbsp;<\/p>\n[\/mvc_flip_box][vc_empty_space height=&#8221;100px&#8221;][\/vc_column][vc_column width=&#8221;1\/3&#8243;][mvc_flip_box image_id=&#8221;2727&#8243; alt=&#8221;Automotive&#8221; title=&#8221;Automotive&#8221;]\n<h3 style=\"text-align: center;\">Automotive<\/h3>\n<p style=\"text-align: center;\"><a href=\"http:\/\/iwmar.eu\/index.php\/automotive\/\">Zobacz wi\u0119cej<\/a><\/p>\n[\/mvc_flip_box][vc_empty_space height=&#8221;100px&#8221;][\/vc_column][vc_column width=&#8221;1\/3&#8243;][mvc_flip_box image_id=&#8221;2729&#8243; alt=&#8221;Sk\u00f3ra \/ Leather&#8221; title=&#8221;Sk\u00f3ra \/ Leather&#8221;]\n<h3 style=\"text-align: center;\">Sk\u00f3ra \/ Leather<\/h3>\n<p style=\"text-align: center;\"><a href=\"http:\/\/iwmar.eu\/index.php\/skora\/\">Zobacz wi\u0119cej<\/a><\/p>\n<p>&nbsp;<\/p>\n[\/mvc_flip_box][vc_empty_space height=&#8221;100px&#8221;][\/vc_column][\/vc_row][vc_row gap=&#8221;5&#8243;][vc_column width=&#8221;1\/3&#8243;][mvc_flip_box alt=&#8221;Szk\u0142o &amp; Kamie\u0144 \/ glass&amp;stone&#8221; title=&#8221;Szk\u0142o &amp; Kamie\u0144 \/ Glass &amp; Stone&#8221; image_id=&#8221;2750&#8243;]\n<h3 style=\"text-align: center;\">Szk\u0142o &amp; Kamie\u0144 \/ Glass &amp; Stone<\/h3>\n<p style=\"text-align: center;\"><a href=\"http:\/\/iwmar.eu\/index.php\/szklo\/\">Zobacz wi\u0119cej<\/a><\/p>\n[\/mvc_flip_box][vc_empty_space height=&#8221;86px&#8221;][\/vc_column][vc_column width=&#8221;1\/3&#8243;][\/vc_column][vc_column width=&#8221;1\/3&#8243;][\/vc_column][\/vc_row][vc_row][vc_column][vc_column_text]<div class=\"mx-page-title row  center line-center\"><div class=\"mx-pagetitle-line\" ><\/div><div class=\"mx-page-title-container show-bg \" ><h3 class=\"uppercase bold \" style=\"\">O Nas<\/h3><\/div><\/div>[\/vc_column_text][\/vc_column][\/vc_row][vc_row][vc_column width=&#8221;1\/3&#8243;][vc_column_text]Firma IWMAR to od ponad dekady indywidualne doradztwo, \u015bcis\u0142y kontakt z klientem oraz rozwi\u0105zywanie problem\u00f3w zwi\u0105zanych z szeroko poj\u0119tym szlifowaniem i uszlachetnianiem powierzchni. Jeste\u015bmy partnerem w Polsce i Europie \u015brodkowo-wschodniej dw\u00f3ch znacz\u0105cych producent\u00f3w materia\u0142\u00f3w \u015bciernych. W\u0142oskiego Nastroflexa i niemieckiego Awuko. Nasza produkcja umo\u017cliwia wykonywanie pe\u0142nego asortymentu dla wielu ga\u0142\u0119zi przemys\u0142u.[\/vc_column_text][\/vc_column][vc_column width=&#8221;1\/3&#8243;][vc_column_text]<ul class=\"bullets mline the-icons animate-list theme\" data-effect=\"lightSpeedIn\" ><li  class=\"animate-item\" data-effect=\"lightSpeedIn\" ><span class=\"bullets-icon\"><i class=\"fa fa-check\" style=\"color:#ffffff;\"><\/i><\/span>Oferujemy produkty najwy\u017cszej jako\u015bci<\/li><li  class=\"animate-item\" data-effect=\"lightSpeedIn\" ><span class=\"bullets-icon\"><i class=\"fa fa-check\" style=\"color:#ffffff;\"><\/i><\/span>Mamy wieloletnie do\u015bwiadczenie na rynku<\/li><li  class=\"animate-item\" data-effect=\"lightSpeedIn\" ><span class=\"bullets-icon\"><i class=\"fa fa-check\" style=\"color:#ffffff;\"><\/i><\/span>Dysponujemy bardzo szerok\u0105 ofert\u0105<\/li><li  class=\"animate-item\" data-effect=\"lightSpeedIn\" ><span class=\"bullets-icon\"><i class=\"fa fa-check\" style=\"color:#ffffff;\"><\/i><\/span>Zapewniamy doradztwo techniczne<\/li><\/ul>[\/vc_column_text][\/vc_column][vc_column width=&#8221;1\/3&#8243;][vc_single_image image=&#8221;2451&#8243; img_size=&#8221;full&#8221; alignment=&#8221;center&#8221;][\/vc_column][\/vc_row][vc_row][vc_column][vc_separator color=&#8221;white&#8221;][vc_separator color=&#8221;white&#8221;][vc_column_text]<div class=\"mx-page-title row  center line-center\"><div class=\"mx-pagetitle-line\" ><\/div><div class=\"mx-page-title-container show-bg \" ><h3 class=\"uppercase bold \" style=\"\">KATALOGI DO POBRANIA<\/h3><\/div><\/div>[\/vc_column_text][vc_row_inner content_placement=&#8221;middle&#8221;][vc_column_inner][vc_column_text]\n<h2 style=\"text-align: center;\">Jeste\u015b zainteresowany nasz\u0105 ofert\u0105 &#8211; Tutaj znajdziesz nasz katalog produkt\u00f3w<\/h2>\n[\/vc_column_text][\/vc_column_inner][\/vc_row_inner][vc_separator color=&#8221;white&#8221;][vc_row_inner content_placement=&#8221;middle&#8221;][vc_column_inner width=&#8221;1\/2&#8243;][vc_single_image image=&#8221;2478&#8243; img_size=&#8221;full&#8221; alignment=&#8221;center&#8221;][\/vc_column_inner][vc_column_inner el_class=&#8221;div { align-content: center; }&#8221; width=&#8221;1\/2&#8243;][vc_single_image image=&#8221;2470&#8243; img_size=&#8221;733&#215;245&#8243; alignment=&#8221;center&#8221; onclick=&#8221;custom_link&#8221; link=&#8221;http:\/\/iwmar.eu\/index.php\/katalog-awuko\/&#8221;][\/vc_column_inner][\/vc_row_inner][\/vc_column][\/vc_row][vc_row][vc_column width=&#8221;1\/4&#8243;][vc_single_image image=&#8221;2643&#8243; alignment=&#8221;center&#8221; onclick=&#8221;custom_link&#8221; link=&#8221;http:\/\/iwmar.eu\/index.php\/nastroflexpl\/&#8221;][\/vc_column][vc_column width=&#8221;1\/4&#8243;][vc_single_image image=&#8221;2642&#8243; alignment=&#8221;center&#8221; onclick=&#8221;custom_link&#8221; link=&#8221;http:\/\/iwmar.eu\/index.php\/katalog-nastroflex\/&#8221;][\/vc_column][vc_column width=&#8221;1\/4&#8243;][\/vc_column][vc_column width=&#8221;1\/4&#8243;][\/vc_column][\/vc_row][vc_row][\/vc_row][vc_row][\/vc_row][vc_row css_animation=&#8221;bottom-to-top&#8221;][vc_column width=&#8221;1\/2&#8243;][vc_column_text]<div class=\"mx-page-title row  center line-center\"><div class=\"mx-pagetitle-line\" ><\/div><div class=\"mx-page-title-container show-bg \" ><h3 class=\"uppercase bold \" style=\"\">Skontaktuj si\u0119 z nami<\/h3><\/div><\/div>[\/vc_column_text][vc_column_text]<div class=\"testimonials testimonials-avatar testimonials-show-nav animate\" data-effect=\"fadeInRight\" data-delay=\"6000\"><div class=\"testimonials-item\"><div class=\"testimonials-avatar-img show-tooltip\" title=\"\"><img decoding=\"async\" src=\"http:\/\/iwmar.eu\/wp-content\/uploads\/2017\/09\/call.jpg\" alt=\"\"><\/div><div class=\"testimonials-content\"><span class=\"testimonials-quote-left\"><i class=\"fa fa-quote-left\"><\/i><\/span><span class=\"testimonials-quote-right\"><i class=\"fa fa-quote-right\"><\/i><\/span>\n<p><strong>IWMAR Iwona Kwiatkowska<\/strong><\/p>\n<p>13-300 Nowe Miasto Lubawskie<br \/>\nPac\u00f3\u0142towo, ul. Gen. Waraksiewicza 4<br \/>\ntel. \/ fax +48 56 47 444 33<br \/>\ne-mail:\u00a0<a href=\"mailto:biuro@iwmar.eu\">biuro@iwmar.eu<\/a><br \/>\n<div class=\"testimonials-name\"><span><i class=\"fa fa-user\"><\/i><\/span><span><\/span><span class=\"testimonials-job\">- <\/span><\/div><\/div><\/div><div class=\"testimonials-nav\"><a class=\"show-tooltip testimonials-btn\" title=\"\"><\/a><\/div><\/div>[\/vc_column_text][\/vc_column][vc_column width=&#8221;1\/2&#8243;][vc_column_text]<div class=\"mx-page-title row  center line-center\"><div class=\"mx-pagetitle-line\" ><\/div><div class=\"mx-page-title-container show-bg \" ><h3 class=\"uppercase bold \" style=\"\">Aktualno\u015bci<\/h3><\/div><\/div>[\/vc_column_text][vc_column_text]<div class=\"row\"><div class=\"mx-shortcode-blog-post animate-list\"><article id=\"post-2912\" class=\"shortcode-post-entry blog-shortcode-style-3 col-md-6 col-sm-6 col-xs-6 post-2912 post type-post status-publish format-image has-post-thumbnail hentry category-aktualnosci tag-materialyscierne tag-nadarzyn tag-stolarstwo tag-szlifowanie tag-woodtech2026 post_format-post-format-image animate-item\" data-effect=\"fadeInUp\" itemscope itemtype=\"http:\/\/schema.org\/Article\"><div class=\"post-element-content\">\r\n\t\t\t\t<div class=\"post-img\">\r\n\t\t\t\t\t<a href=\"https:\/\/iwmar.eu\/index.php\/2026\/03\/27\/wood-tech-warsaw-expo-2026-podsumowanie\/\">\r\n\t\t\t\t\t<img loading=\"lazy\" decoding=\"async\" width=\"370\" height=\"313\" src=\"https:\/\/iwmar.eu\/wp-content\/uploads\/2026\/03\/Clipboard_03-27-2026_01-370x313.jpg\" class=\"attachment-mx-m-thumbs size-mx-m-thumbs wp-post-image\" alt=\"WOOD TECH WARSAW EXPO 2026 &#8211; PODSUMOWANIE\" title=\"\" \/><\/a>\r\n\t\t\t\t\t<div class=\"post-tip\">\r\n\t\t\t\t\t\t<div class=\"bg\"><\/div>\r\n\t\t\t\t\t\t<a href=\"https:\/\/iwmar.eu\/index.php\/2026\/03\/27\/wood-tech-warsaw-expo-2026-podsumowanie\/\"><span class=\"pop-link-icon center\"><i class=\"fa fa-picture-o\"><\/i><\/span><\/a>\r\n\t\t\t\t\t<\/div>\r\n\t\t\t\t\t<div class=\"date entry-date updated\" itemprop=\"datePublished\">\r\n\t\t\t\t\t\t<div class=\"day\">27<\/div>\r\n\t\t\t\t\t\t<div class=\"month\">mar<\/div>\r\n\t\t\t\t\t\t<div class=\"year\">2026<\/div>\r\n\t\t\t\t\t<\/div>\r\n\t\t\t\t<\/div>\r\n\t\t\t<\/div><section class=\"post-content\">\r\n\t\t\t\t<header class=\"entry-header\">\r\n\t\t\t\t\t<h5 class=\"entry-title\" itemprop=\"name\"><a href=\"https:\/\/iwmar.eu\/index.php\/2026\/03\/27\/wood-tech-warsaw-expo-2026-podsumowanie\/\" itemprop=\"url\">WOOD TECH WARSAW EXPO 2026 &#8211; PODSUMOWANIE<\/a><\/h5>\r\n\t\t\t\t<\/header>\r\n\t\t\t<\/section><\/article><article id=\"post-2907\" class=\"shortcode-post-entry blog-shortcode-style-3 col-md-6 col-sm-6 col-xs-6 post-2907 post type-post status-publish format-image has-post-thumbnail hentry category-aktualnosci tag-targi tag-woodtechwarsow post_format-post-format-image animate-item\" data-effect=\"fadeInUp\" itemscope itemtype=\"http:\/\/schema.org\/Article\"><div class=\"post-element-content\">\r\n\t\t\t\t<div class=\"post-img\">\r\n\t\t\t\t\t<a href=\"https:\/\/iwmar.eu\/index.php\/2026\/03\/09\/wood-tech-warsaw-expo-2026\/\">\r\n\t\t\t\t\t<img loading=\"lazy\" decoding=\"async\" width=\"555\" height=\"313\" src=\"https:\/\/iwmar.eu\/wp-content\/uploads\/2026\/03\/ODWIEDZ-NAS-NA-STOISKU-D4.39-555x313.png\" class=\"attachment-mx-m-thumbs size-mx-m-thumbs wp-post-image\" alt=\"WOOD TECH WARSAW EXPO 2026\" title=\"\" srcset=\"https:\/\/iwmar.eu\/wp-content\/uploads\/2026\/03\/ODWIEDZ-NAS-NA-STOISKU-D4.39-555x313.png 555w, https:\/\/iwmar.eu\/wp-content\/uploads\/2026\/03\/ODWIEDZ-NAS-NA-STOISKU-D4.39-450x254.png 450w\" sizes=\"auto, (max-width: 555px) 100vw, 555px\" \/><\/a>\r\n\t\t\t\t\t<div class=\"post-tip\">\r\n\t\t\t\t\t\t<div class=\"bg\"><\/div>\r\n\t\t\t\t\t\t<a href=\"https:\/\/iwmar.eu\/index.php\/2026\/03\/09\/wood-tech-warsaw-expo-2026\/\"><span class=\"pop-link-icon center\"><i class=\"fa fa-picture-o\"><\/i><\/span><\/a>\r\n\t\t\t\t\t<\/div>\r\n\t\t\t\t\t<div class=\"date entry-date updated\" itemprop=\"datePublished\">\r\n\t\t\t\t\t\t<div class=\"day\">09<\/div>\r\n\t\t\t\t\t\t<div class=\"month\">mar<\/div>\r\n\t\t\t\t\t\t<div class=\"year\">2026<\/div>\r\n\t\t\t\t\t<\/div>\r\n\t\t\t\t<\/div>\r\n\t\t\t<\/div><section class=\"post-content\">\r\n\t\t\t\t<header class=\"entry-header\">\r\n\t\t\t\t\t<h5 class=\"entry-title\" itemprop=\"name\"><a href=\"https:\/\/iwmar.eu\/index.php\/2026\/03\/09\/wood-tech-warsaw-expo-2026\/\" itemprop=\"url\">WOOD TECH WARSAW EXPO 2026<\/a><\/h5>\r\n\t\t\t\t<\/header>\r\n\t\t\t<\/section><\/article><\/div><\/div>[\/vc_column_text][\/vc_column][\/vc_row]\n","protected":false},"excerpt":{"rendered":"<p>[vc_row][vc_column][vc_empty_space][\/vc_column][\/vc_row][vc_row][vc_column][vc_column_text][\/vc_column_text][\/vc_column][\/vc_row][vc_row gap=&#8221;5&#8243;][vc_column width=&#8221;1\/3&#8243;][mvc_flip_box link_st=&#8221;custom_link&#8221; image_id=&#8221;2657&#8243; alt=&#8221;Drewno&#8221; title=&#8221;Drewno (Wood)&#8221; url=&#8221;url:http%3A%2F%2Fiwmar.eu%2Findex.php%2Fzastosowanie-drewno%2F|title:Iwmar%20%E2%80%93%20Materia%C5%82y%20%C5%9Acierne%20%E2%80%93%20Zastosowanie%20w%20drewnie||&#8221;] Drewno (Wood) Zobacz wi\u0119cej [\/mvc_flip_box][vc_empty_space height=&#8221;100px&#8221;][\/vc_column][vc_column width=&#8221;1\/3&#8243;][mvc_flip_box image_id=&#8221;2723&#8243; alt=&#8221;Lakier \/ Lacquer&#8221; title=&#8221;Lakier \/ Lacquer&#8221;] Lakier \/ Lacquer Zobacz wi\u0119cej &nbsp; [\/mvc_flip_box][vc_empty_space height=&#8221;100px&#8221;][\/vc_column][vc_column width=&#8221;1\/3&#8243;][mvc_flip_box image_id=&#8221;2666&#8243; alt=&#8221;Metal\/Aluminium&#8221; title=&#8221;Metal\/Aluminium&#8221;] Metal\/Aluminium Zobacz wi\u0119cej [\/mvc_flip_box][vc_empty_space height=&#8221;100px&#8221;][\/vc_column][\/vc_row][vc_row gap=&#8221;5&#8243;][vc_column width=&#8221;1\/3&#8243;][mvc_flip_box image_id=&#8221;2725&#8243; alt=&#8221;Kompozyty \/ Composite&#8221; title=&#8221;Kompozyty \/ Composite&#8221;] Kompozyty \/ Composite Zobacz wi\u0119cej &nbsp; [&hellip;]<\/p>\n","protected":false},"author":2,"featured_media":0,"parent":0,"menu_order":0,"comment_status":"closed","ping_status":"closed","template":"","meta":{"_uag_custom_page_level_css":"","footnotes":""},"class_list":["post-1077","page","type-page","status-publish","hentry"],"uagb_featured_image_src":{"full":false,"thumbnail":false,"medium":false,"medium_large":false,"large":false,"1536x1536":false,"2048x2048":false,"post-thumbnail":false,"mx-l-thumbs":false,"mx-m-thumbs":false,"mx-s-thumbs":false,"mx-square-thumbs":false,"mx-nocrop-thumbs":false,"menu-24x24":false,"menu-36x36":false,"menu-48x48":false},"uagb_author_info":{"display_name":"Filip Lendzion","author_link":"https:\/\/iwmar.eu\/index.php\/author\/filip\/"},"uagb_comment_info":0,"uagb_excerpt":"[vc_row][vc_column][vc_empty_space][\/vc_column][\/vc_row][vc_row][vc_column][vc_column_text][\/vc_column_text][\/vc_column][\/vc_row][vc_row gap=&#8221;5&#8243;][vc_column width=&#8221;1\/3&#8243;][mvc_flip_box link_st=&#8221;custom_link&#8221; image_id=&#8221;2657&#8243; alt=&#8221;Drewno&#8221; title=&#8221;Drewno (Wood)&#8221; url=&#8221;url:http%3A%2F%2Fiwmar.eu%2Findex.php%2Fzastosowanie-drewno%2F|title:Iwmar%20%E2%80%93%20Materia%C5%82y%20%C5%9Acierne%20%E2%80%93%20Zastosowanie%20w%20drewnie||&#8221;] Drewno (Wood) Zobacz wi\u0119cej [\/mvc_flip_box][vc_empty_space height=&#8221;100px&#8221;][\/vc_column][vc_column width=&#8221;1\/3&#8243;][mvc_flip_box image_id=&#8221;2723&#8243; alt=&#8221;Lakier \/ Lacquer&#8221; title=&#8221;Lakier \/ Lacquer&#8221;] Lakier \/ Lacquer Zobacz wi\u0119cej &nbsp; [\/mvc_flip_box][vc_empty_space height=&#8221;100px&#8221;][\/vc_column][vc_column width=&#8221;1\/3&#8243;][mvc_flip_box image_id=&#8221;2666&#8243; alt=&#8221;Metal\/Aluminium&#8221; title=&#8221;Metal\/Aluminium&#8221;] Metal\/Aluminium Zobacz wi\u0119cej [\/mvc_flip_box][vc_empty_space height=&#8221;100px&#8221;][\/vc_column][\/vc_row][vc_row gap=&#8221;5&#8243;][vc_column width=&#8221;1\/3&#8243;][mvc_flip_box image_id=&#8221;2725&#8243; alt=&#8221;Kompozyty \/ Composite&#8221; title=&#8221;Kompozyty \/ Composite&#8221;] Kompozyty \/ Composite Zobacz wi\u0119cej &nbsp;&hellip;","_links":{"self":[{"href":"https:\/\/iwmar.eu\/index.php\/wp-json\/wp\/v2\/pages\/1077","targetHints":{"allow":["GET"]}}],"collection":[{"href":"https:\/\/iwmar.eu\/index.php\/wp-json\/wp\/v2\/pages"}],"about":[{"href":"https:\/\/iwmar.eu\/index.php\/wp-json\/wp\/v2\/types\/page"}],"author":[{"embeddable":true,"href":"https:\/\/iwmar.eu\/index.php\/wp-json\/wp\/v2\/users\/2"}],"replies":[{"embeddable":true,"href":"https:\/\/iwmar.eu\/index.php\/wp-json\/wp\/v2\/comments?post=1077"}],"version-history":[{"count":200,"href":"https:\/\/iwmar.eu\/index.php\/wp-json\/wp\/v2\/pages\/1077\/revisions"}],"predecessor-version":[{"id":2389,"href":"https:\/\/iwmar.eu\/index.php\/wp-json\/wp\/v2\/pages\/1077\/revisions\/2389"}],"wp:attachment":[{"href":"https:\/\/iwmar.eu\/index.php\/wp-json\/wp\/v2\/media?parent=1077"}],"curies":[{"name":"wp","href":"https:\/\/api.w.org\/{rel}","templated":true}]}}